{"id":6309,"date":"2021-02-15T13:30:47","date_gmt":"2021-02-15T12:30:47","guid":{"rendered":"http:\/\/biuletynhistoriipogranicza.pl\/dla-mediow\/"},"modified":"2021-10-06T15:44:44","modified_gmt":"2021-10-06T13:44:44","slug":"%d0%b4%d0%bb%d1%8f-%d1%81%d0%bc%d0%b8","status":"publish","type":"page","link":"https:\/\/biuletynhistoriipogranicza.pl\/ru\/%d0%b4%d0%bb%d1%8f-%d1%81%d0%bc%d0%b8\/","title":{"rendered":"\u0414\u043b\u044f \u0421\u041c\u0418"},"content":{"rendered":"\n<figure class=\"wp-block-gallery columns-1 is-cropped wp-block-gallery-1 is-layout-flex wp-block-gallery-is-layout-flex\"><ul class=\"blocks-gallery-grid\"><li class=\"blocks-gallery-item\"><figure><a href=\"https:\/\/biuletynhistoriipogranicza.pl\/wp-content\/uploads\/2021\/05\/DSC4225-Edit-scaled.jpg\"><img loading=\"lazy\" decoding=\"async\" width=\"1024\" height=\"683\" src=\"https:\/\/biuletynhistoriipogranicza.pl\/wp-content\/uploads\/2021\/05\/DSC4225-Edit-1024x683.jpg\" alt=\"\" data-id=\"4887\" data-full-url=\"https:\/\/biuletynhistoriipogranicza.pl\/wp-content\/uploads\/2021\/05\/DSC4225-Edit-scaled.jpg\" data-link=\"https:\/\/biuletynhistoriipogranicza.pl\/dla-mediow\/dsc4225-edit\/\" class=\"wp-image-4887\" srcset=\"https:\/\/biuletynhistoriipogranicza.pl\/wp-content\/uploads\/2021\/05\/DSC4225-Edit-1024x683.jpg 1024w, https:\/\/biuletynhistoriipogranicza.pl\/wp-content\/uploads\/2021\/05\/DSC4225-Edit-300x200.jpg 300w, https:\/\/biuletynhistoriipogranicza.pl\/wp-content\/uploads\/2021\/05\/DSC4225-Edit-768x512.jpg 768w, https:\/\/biuletynhistoriipogranicza.pl\/wp-content\/uploads\/2021\/05\/DSC4225-Edit-1536x1024.jpg 1536w, https:\/\/biuletynhistoriipogranicza.pl\/wp-content\/uploads\/2021\/05\/DSC4225-Edit-2048x1365.jpg 2048w\" sizes=\"auto, (max-width: 1024px) 100vw, 1024px\" \/><\/a><\/figure><\/li><\/ul><\/figure>\n\n\n\n<p id=\"block-4489dca9-6337-47f7-b55a-a94fd9f5e4a9\">\u0414\u043b\u044f \u043f\u043e\u043b\u0443\u0447\u0435\u043d\u0438\u044f \u0438\u043d\u0444\u043e\u0440\u043c\u0430\u0446\u0438\u0438 \u043e \u043f\u0440\u0435\u0441\u0441-\u043c\u0430\u0442\u0435\u0440\u0438\u0430\u043bax \u0438 \u0441\u043e\u0442\u0440\u0443\u0434\u043d\u0438\u0447\u0435\u0441\u0442\u0432\u0435, \u043f\u043e\u0436\u0430\u043b\u0443\u0439\u0441\u0442\u0430, \u0441\u0432\u044f\u0436\u0438\u0442\u0435\u0441\u044c \u0441 \u043e\u0442\u0434\u0435\u043b\u043e\u043c \u043c\u0430\u0440\u043a\u0435\u0442\u0438\u043d\u0433\u0430 \u0438 \u043f\u0440\u043e\u0434\u0430\u0436:<\/p>\n\n\n\n<ul class=\"wp-block-list\" id=\"block-53bf0cbd-0329-4d6f-8596-9a52403b3695\"><li>tel:<strong> 85 672 36 05<\/strong><\/li><li>e-mail:<strong> <a href=\"mailto:p.roman@sybir.bialystok.pl\">p.roman@sybir.bialystok.pl<\/a><\/strong><\/li><\/ul>\n\n\n\n<p id=\"block-fd8a882d-142e-4683-bc49-74df9116977a\">\u0414\u043b\u044f \u0437\u0430\u043f\u0438\u0441\u0438 \u0437\u0432\u0443\u043a\u0430 \u0438 \u0438\u0437\u043e\u0431\u0440\u0430\u0436\u0435\u043d\u0438\u044f \u043d\u0430 \u0432\u044b\u0441\u0442\u0430\u0432\u043a\u0430\u0445 \u043d\u0435\u043e\u0431\u0445\u043e\u0434\u0438\u043c\u043e \u0441\u043e\u0433\u043b\u0430\u0441\u0438\u0435 \u0434\u0438\u0440\u0435\u043a\u0442\u043e\u0440\u0430 \u041c\u0443\u0437\u0435\u044f \u043f\u0430\u043c\u044f\u0442\u0438 \u0421\u0438\u0431\u0438\u0440\u0438.<\/p>\n\n\n\n<p id=\"block-85c0de3d-d926-417c-a48a-1c3d57d85bfd\"><strong>\u041b\u043e\u0433\u043e\u0442\u0438\u043f\u044b \u041c\u0443\u0437\u0435\u044f \u043f\u0430\u043c\u044f\u0442\u0438 \u0421\u0438\u0431\u0438\u0440\u0438 \u0434\u043b\u044f \u0441\u043a\u0430\u0447\u0438\u0432\u0430\u043d\u0438\u044f:<\/strong><\/p>\n\n\n\n<div class=\"wp-block-file\"><a href=\"https:\/\/biuletynhistoriipogranicza.pl\/wp-content\/uploads\/2021\/05\/logo-5cm-z-polem.jpg\">5 cm \u043b\u043e\u0433\u043e\u0442\u0438\u043f<\/a><a href=\"https:\/\/biuletynhistoriipogranicza.pl\/wp-content\/uploads\/2021\/05\/logo-5cm-z-polem.jpg\" class=\"wp-block-file__button\" download>\u0421\u043a\u0430\u0447\u0430\u0442\u044c<\/a><\/div>\n\n\n\n<div class=\"wp-block-file\"><a href=\"https:\/\/biuletynhistoriipogranicza.pl\/wp-content\/uploads\/2021\/05\/logo-7cm-z-polem.jpg\">7 cm \u043b\u043e\u0433\u043e\u0442\u0438\u043f<\/a><a href=\"https:\/\/biuletynhistoriipogranicza.pl\/wp-content\/uploads\/2021\/05\/logo-7cm-z-polem.jpg\" class=\"wp-block-file__button\" download>\u0421\u043a\u0430\u0447\u0430\u0442\u044c<\/a><\/div>\n\n\n\n<div class=\"wp-block-file\"><a href=\"https:\/\/biuletynhistoriipogranicza.pl\/wp-content\/uploads\/2021\/05\/logo-9cm-z-polem.jpg\">9 \u043b\u043e\u0433\u043e\u0442\u0438\u043f<\/a><a href=\"https:\/\/biuletynhistoriipogranicza.pl\/wp-content\/uploads\/2021\/05\/logo-9cm-z-polem.jpg\" class=\"wp-block-file__button\" download>\u0421\u043a\u0430\u0447\u0430\u0442\u044c<\/a><\/div>\n\n\n\n<div class=\"wp-block-file\"><a href=\"https:\/\/biuletynhistoriipogranicza.pl\/wp-content\/uploads\/2021\/05\/MPS_logo_PDF-negatyw.png\">\u043e\u0442\u0440\u0438\u0446\u0430\u0442\u0435\u043b\u044c\u043d\u044b\u0439 \u043b\u043e\u0433\u043e\u0442\u0438\u043f<\/a><a href=\"https:\/\/biuletynhistoriipogranicza.pl\/wp-content\/uploads\/2021\/05\/MPS_logo_PDF-negatyw.png\" class=\"wp-block-file__button\" download>\u0421\u043a\u0430\u0447\u0430\u0442\u044c<\/a><\/div>\n\n\n\n<div class=\"wp-block-file\"><a href=\"https:\/\/biuletynhistoriipogranicza.pl\/wp-content\/uploads\/2021\/10\/unnamed.jpg\">\u041f\u043e\u043b\u044c\u0441\u043a\u043e\u0435 \u0438\u0441\u0442\u043e\u0440\u0438\u0447\u0435\u0441\u043a\u043e\u0435 \u043e\u0431\u0449\u0435\u0441\u0442\u0432\u043e<\/a><a href=\"https:\/\/biuletynhistoriipogranicza.pl\/wp-content\/uploads\/2021\/10\/unnamed.jpg\" class=\"wp-block-file__button\" download>\u0421\u043a\u0430\u0447\u0430\u0442\u044c<\/a><\/div>\n\n\n\n<div class=\"wp-block-file\"><a href=\"https:\/\/biuletynhistoriipogranicza.pl\/wp-content\/uploads\/2021\/10\/BHP-21_2021_okladka.pdf\"><a href=\"https:\/\/sklep-sybir.pl\/produkt\/biuletyn-historii-pogranicza-nr-21\/\" target=\"_blank\" rel=\"noreferrer noopener\">\u0411\u0418\u041f\u00a021<\/a><\/a><a href=\"https:\/\/biuletynhistoriipogranicza.pl\/wp-content\/uploads\/2021\/10\/BHP-21_2021_okladka.pdf\" class=\"wp-block-file__button\" download> \u0421\u043a\u0430\u0447\u0430\u0442\u044c <\/a><\/div>\n\n\n\n<div class=\"wp-block-file\"><a href=\"https:\/\/biuletynhistoriipogranicza.pl\/wp-content\/uploads\/2021\/10\/BHP_20_okladka_przod.pdf\"><a href=\"https:\/\/sklep-sybir.pl\/produkt\/biuletyn-historii-pogranicza-nr-21\/\" target=\"_blank\" rel=\"noreferrer noopener\">\u0411\u0418\u041f\u00a02<\/a>0<\/a><a href=\"https:\/\/biuletynhistoriipogranicza.pl\/wp-content\/uploads\/2021\/10\/BHP_20_okladka_przod.pdf\" class=\"wp-block-file__button\" download>\u0421\u043a\u0430\u0447\u0430\u0442\u044c  <\/a><\/div>\n","protected":false},"excerpt":{"rendered":"<p>\u0415\u0441\u043b\u0438 \u0432\u044b \u044f\u0432\u043b\u044f\u0435\u0442\u0435\u0441\u044c \u043f\u0440\u0435\u0434\u0441\u0442\u0430\u0432\u0438\u0442\u0435\u043b\u0435\u043c \u0421\u041c\u0418 \u0438 \u0445\u043e\u0442\u0435\u043b\u0438 \u0431\u044b \u043f\u043e\u043b\u0443\u0447\u0430\u0442\u044c \u0438\u043d\u0444\u043e\u0440\u043c\u0430\u0446\u0438\u044e \u043e \u0434\u0435\u044f\u0442\u0435\u043b\u044c\u043d\u043e\u0441\u0442\u0438 \u041c\u0443\u0437\u0435\u044f \u043f\u0430\u043c\u044f\u0442\u0438 \u0421\u0438\u0431\u0438\u0440\u0438, \u043f\u043e\u0436\u0430\u043b\u0443\u0439\u0441\u0442\u0430, \u0441\u0432\u044f\u0436\u0438\u0442\u0435\u0441\u044c \u0441 \u043d\u0430\u043c\u0438.<\/p>\n","protected":false},"author":2,"featured_media":0,"parent":0,"menu_order":0,"comment_status":"closed","ping_status":"closed","template":"","meta":{"footnotes":""},"class_list":["post-6309","page","type-page","status-publish","hentry"],"yoast_head":"<!-- This site is optimized with the Yoast SEO plugin v26.5 - https:\/\/yoast.com\/wordpress\/plugins\/seo\/ -->\n<title>\u0414\u043b\u044f \u0421\u041c\u0418 | Biuletyn Historii Pogranicza<\/title>\n<meta name=\"description\" content=\"Je\u017celi jeste\u015b przedstawicielem medi\u00f3w i chcia\u0142by\u015b otrzymywa\u0107 informacje o dzia\u0142alno\u015bci Muzeum Pami\u0119ci Sybiru, skontaktuj si\u0119 z nami.\" \/>\n<meta name=\"robots\" content=\"index, follow, max-snippet:-1, max-image-preview:large, max-video-preview:-1\" \/>\n<link rel=\"canonical\" href=\"https:\/\/biuletynhistoriipogranicza.pl\/ru\/%d0%b4%d0%bb%d1%8f-%d1%81%d0%bc%d0%b8\/\" \/>\n<meta property=\"og:locale\" content=\"ru_RU\" \/>\n<meta property=\"og:type\" content=\"article\" \/>\n<meta property=\"og:title\" content=\"\u0414\u043b\u044f \u0421\u041c\u0418 | Biuletyn Historii Pogranicza\" \/>\n<meta property=\"og:description\" content=\"Je\u017celi jeste\u015b przedstawicielem medi\u00f3w i chcia\u0142by\u015b otrzymywa\u0107 informacje o dzia\u0142alno\u015bci Muzeum Pami\u0119ci Sybiru, skontaktuj si\u0119 z nami.\" \/>\n<meta property=\"og:url\" content=\"https:\/\/biuletynhistoriipogranicza.pl\/ru\/%d0%b4%d0%bb%d1%8f-%d1%81%d0%bc%d0%b8\/\" \/>\n<meta property=\"og:site_name\" content=\"Biuletyn Historii Pogranicza\" \/>\n<meta property=\"article:modified_time\" content=\"2021-10-06T13:44:44+00:00\" \/>\n<meta property=\"og:image\" content=\"https:\/\/biuletynhistoriipogranicza.pl\/wp-content\/uploads\/2021\/05\/DSC4225-Edit-1024x683.jpg\" \/>\n<meta name=\"twitter:card\" content=\"summary_large_image\" \/>\n<meta name=\"twitter:label1\" content=\"\u041f\u0440\u0438\u043c\u0435\u0440\u043d\u043e\u0435 \u0432\u0440\u0435\u043c\u044f \u0434\u043b\u044f \u0447\u0442\u0435\u043d\u0438\u044f\" \/>\n\t<meta name=\"twitter:data1\" content=\"1 \u043c\u0438\u043d\u0443\u0442\u0430\" \/>\n<script type=\"application\/ld+json\" class=\"yoast-schema-graph\">{\"@context\":\"https:\/\/schema.org\",\"@graph\":[{\"@type\":\"WebPage\",\"@id\":\"https:\/\/biuletynhistoriipogranicza.pl\/ru\/%d0%b4%d0%bb%d1%8f-%d1%81%d0%bc%d0%b8\/\",\"url\":\"https:\/\/biuletynhistoriipogranicza.pl\/ru\/%d0%b4%d0%bb%d1%8f-%d1%81%d0%bc%d0%b8\/\",\"name\":\"\u0414\u043b\u044f \u0421\u041c\u0418 | Biuletyn Historii Pogranicza\",\"isPartOf\":{\"@id\":\"https:\/\/biuletynhistoriipogranicza.pl\/#website\"},\"primaryImageOfPage\":{\"@id\":\"https:\/\/biuletynhistoriipogranicza.pl\/ru\/%d0%b4%d0%bb%d1%8f-%d1%81%d0%bc%d0%b8\/#primaryimage\"},\"image\":{\"@id\":\"https:\/\/biuletynhistoriipogranicza.pl\/ru\/%d0%b4%d0%bb%d1%8f-%d1%81%d0%bc%d0%b8\/#primaryimage\"},\"thumbnailUrl\":\"https:\/\/biuletynhistoriipogranicza.pl\/wp-content\/uploads\/2021\/05\/DSC4225-Edit-1024x683.jpg\",\"datePublished\":\"2021-02-15T12:30:47+00:00\",\"dateModified\":\"2021-10-06T13:44:44+00:00\",\"description\":\"Je\u017celi jeste\u015b przedstawicielem medi\u00f3w i chcia\u0142by\u015b otrzymywa\u0107 informacje o dzia\u0142alno\u015bci Muzeum Pami\u0119ci Sybiru, skontaktuj si\u0119 z nami.\",\"breadcrumb\":{\"@id\":\"https:\/\/biuletynhistoriipogranicza.pl\/ru\/%d0%b4%d0%bb%d1%8f-%d1%81%d0%bc%d0%b8\/#breadcrumb\"},\"inLanguage\":\"ru-RU\",\"potentialAction\":[{\"@type\":\"ReadAction\",\"target\":[\"https:\/\/biuletynhistoriipogranicza.pl\/ru\/%d0%b4%d0%bb%d1%8f-%d1%81%d0%bc%d0%b8\/\"]}]},{\"@type\":\"ImageObject\",\"inLanguage\":\"ru-RU\",\"@id\":\"https:\/\/biuletynhistoriipogranicza.pl\/ru\/%d0%b4%d0%bb%d1%8f-%d1%81%d0%bc%d0%b8\/#primaryimage\",\"url\":\"https:\/\/biuletynhistoriipogranicza.pl\/wp-content\/uploads\/2021\/05\/DSC4225-Edit-1024x683.jpg\",\"contentUrl\":\"https:\/\/biuletynhistoriipogranicza.pl\/wp-content\/uploads\/2021\/05\/DSC4225-Edit-1024x683.jpg\"},{\"@type\":\"BreadcrumbList\",\"@id\":\"https:\/\/biuletynhistoriipogranicza.pl\/ru\/%d0%b4%d0%bb%d1%8f-%d1%81%d0%bc%d0%b8\/#breadcrumb\",\"itemListElement\":[{\"@type\":\"ListItem\",\"position\":1,\"name\":\"Strona g\u0142\u00f3wna\",\"item\":\"https:\/\/biuletynhistoriipogranicza.pl\/ru\/\"},{\"@type\":\"ListItem\",\"position\":2,\"name\":\"\u0414\u043b\u044f \u0421\u041c\u0418\"}]},{\"@type\":\"WebSite\",\"@id\":\"https:\/\/biuletynhistoriipogranicza.pl\/#website\",\"url\":\"https:\/\/biuletynhistoriipogranicza.pl\/\",\"name\":\"Biuletyn Historii Pogranicza\",\"description\":\"Biuletyn Historii Pogranicza\",\"potentialAction\":[{\"@type\":\"SearchAction\",\"target\":{\"@type\":\"EntryPoint\",\"urlTemplate\":\"https:\/\/biuletynhistoriipogranicza.pl\/?s={search_term_string}\"},\"query-input\":{\"@type\":\"PropertyValueSpecification\",\"valueRequired\":true,\"valueName\":\"search_term_string\"}}],\"inLanguage\":\"ru-RU\"}]}<\/script>\n<!-- \/ Yoast SEO plugin. -->","yoast_head_json":{"title":"\u0414\u043b\u044f \u0421\u041c\u0418 | Biuletyn Historii Pogranicza","description":"Je\u017celi jeste\u015b przedstawicielem medi\u00f3w i chcia\u0142by\u015b otrzymywa\u0107 informacje o dzia\u0142alno\u015bci Muzeum Pami\u0119ci Sybiru, skontaktuj si\u0119 z nami.","robots":{"index":"index","follow":"follow","max-snippet":"max-snippet:-1","max-image-preview":"max-image-preview:large","max-video-preview":"max-video-preview:-1"},"canonical":"https:\/\/biuletynhistoriipogranicza.pl\/ru\/%d0%b4%d0%bb%d1%8f-%d1%81%d0%bc%d0%b8\/","og_locale":"ru_RU","og_type":"article","og_title":"\u0414\u043b\u044f \u0421\u041c\u0418 | Biuletyn Historii Pogranicza","og_description":"Je\u017celi jeste\u015b przedstawicielem medi\u00f3w i chcia\u0142by\u015b otrzymywa\u0107 informacje o dzia\u0142alno\u015bci Muzeum Pami\u0119ci Sybiru, skontaktuj si\u0119 z nami.","og_url":"https:\/\/biuletynhistoriipogranicza.pl\/ru\/%d0%b4%d0%bb%d1%8f-%d1%81%d0%bc%d0%b8\/","og_site_name":"Biuletyn Historii Pogranicza","article_modified_time":"2021-10-06T13:44:44+00:00","og_image":[{"url":"https:\/\/biuletynhistoriipogranicza.pl\/wp-content\/uploads\/2021\/05\/DSC4225-Edit-1024x683.jpg","type":"","width":"","height":""}],"twitter_card":"summary_large_image","twitter_misc":{"\u041f\u0440\u0438\u043c\u0435\u0440\u043d\u043e\u0435 \u0432\u0440\u0435\u043c\u044f \u0434\u043b\u044f \u0447\u0442\u0435\u043d\u0438\u044f":"1 \u043c\u0438\u043d\u0443\u0442\u0430"},"schema":{"@context":"https:\/\/schema.org","@graph":[{"@type":"WebPage","@id":"https:\/\/biuletynhistoriipogranicza.pl\/ru\/%d0%b4%d0%bb%d1%8f-%d1%81%d0%bc%d0%b8\/","url":"https:\/\/biuletynhistoriipogranicza.pl\/ru\/%d0%b4%d0%bb%d1%8f-%d1%81%d0%bc%d0%b8\/","name":"\u0414\u043b\u044f \u0421\u041c\u0418 | Biuletyn Historii Pogranicza","isPartOf":{"@id":"https:\/\/biuletynhistoriipogranicza.pl\/#website"},"primaryImageOfPage":{"@id":"https:\/\/biuletynhistoriipogranicza.pl\/ru\/%d0%b4%d0%bb%d1%8f-%d1%81%d0%bc%d0%b8\/#primaryimage"},"image":{"@id":"https:\/\/biuletynhistoriipogranicza.pl\/ru\/%d0%b4%d0%bb%d1%8f-%d1%81%d0%bc%d0%b8\/#primaryimage"},"thumbnailUrl":"https:\/\/biuletynhistoriipogranicza.pl\/wp-content\/uploads\/2021\/05\/DSC4225-Edit-1024x683.jpg","datePublished":"2021-02-15T12:30:47+00:00","dateModified":"2021-10-06T13:44:44+00:00","description":"Je\u017celi jeste\u015b przedstawicielem medi\u00f3w i chcia\u0142by\u015b otrzymywa\u0107 informacje o dzia\u0142alno\u015bci Muzeum Pami\u0119ci Sybiru, skontaktuj si\u0119 z nami.","breadcrumb":{"@id":"https:\/\/biuletynhistoriipogranicza.pl\/ru\/%d0%b4%d0%bb%d1%8f-%d1%81%d0%bc%d0%b8\/#breadcrumb"},"inLanguage":"ru-RU","potentialAction":[{"@type":"ReadAction","target":["https:\/\/biuletynhistoriipogranicza.pl\/ru\/%d0%b4%d0%bb%d1%8f-%d1%81%d0%bc%d0%b8\/"]}]},{"@type":"ImageObject","inLanguage":"ru-RU","@id":"https:\/\/biuletynhistoriipogranicza.pl\/ru\/%d0%b4%d0%bb%d1%8f-%d1%81%d0%bc%d0%b8\/#primaryimage","url":"https:\/\/biuletynhistoriipogranicza.pl\/wp-content\/uploads\/2021\/05\/DSC4225-Edit-1024x683.jpg","contentUrl":"https:\/\/biuletynhistoriipogranicza.pl\/wp-content\/uploads\/2021\/05\/DSC4225-Edit-1024x683.jpg"},{"@type":"BreadcrumbList","@id":"https:\/\/biuletynhistoriipogranicza.pl\/ru\/%d0%b4%d0%bb%d1%8f-%d1%81%d0%bc%d0%b8\/#breadcrumb","itemListElement":[{"@type":"ListItem","position":1,"name":"Strona g\u0142\u00f3wna","item":"https:\/\/biuletynhistoriipogranicza.pl\/ru\/"},{"@type":"ListItem","position":2,"name":"\u0414\u043b\u044f \u0421\u041c\u0418"}]},{"@type":"WebSite","@id":"https:\/\/biuletynhistoriipogranicza.pl\/#website","url":"https:\/\/biuletynhistoriipogranicza.pl\/","name":"Biuletyn Historii Pogranicza","description":"Biuletyn Historii Pogranicza","potentialAction":[{"@type":"SearchAction","target":{"@type":"EntryPoint","urlTemplate":"https:\/\/biuletynhistoriipogranicza.pl\/?s={search_term_string}"},"query-input":{"@type":"PropertyValueSpecification","valueRequired":true,"valueName":"search_term_string"}}],"inLanguage":"ru-RU"}]}},"_links":{"self":[{"href":"https:\/\/biuletynhistoriipogranicza.pl\/ru\/wp-json\/wp\/v2\/pages\/6309","targetHints":{"allow":["GET"]}}],"collection":[{"href":"https:\/\/biuletynhistoriipogranicza.pl\/ru\/wp-json\/wp\/v2\/pages"}],"about":[{"href":"https:\/\/biuletynhistoriipogranicza.pl\/ru\/wp-json\/wp\/v2\/types\/page"}],"author":[{"embeddable":true,"href":"https:\/\/biuletynhistoriipogranicza.pl\/ru\/wp-json\/wp\/v2\/users\/2"}],"replies":[{"embeddable":true,"href":"https:\/\/biuletynhistoriipogranicza.pl\/ru\/wp-json\/wp\/v2\/comments?post=6309"}],"version-history":[{"count":6,"href":"https:\/\/biuletynhistoriipogranicza.pl\/ru\/wp-json\/wp\/v2\/pages\/6309\/revisions"}],"predecessor-version":[{"id":7013,"href":"https:\/\/biuletynhistoriipogranicza.pl\/ru\/wp-json\/wp\/v2\/pages\/6309\/revisions\/7013"}],"wp:attachment":[{"href":"https:\/\/biuletynhistoriipogranicza.pl\/ru\/wp-json\/wp\/v2\/media?parent=6309"}],"curies":[{"name":"wp","href":"https:\/\/api.w.org\/{rel}","templated":true}]}}