{"id":6308,"date":"2021-02-15T13:30:47","date_gmt":"2021-02-15T12:30:47","guid":{"rendered":"http:\/\/biuletynhistoriipogranicza.pl\/dla-mediow\/"},"modified":"2021-10-06T15:41:58","modified_gmt":"2021-10-06T13:41:58","slug":"for-media","status":"publish","type":"page","link":"https:\/\/biuletynhistoriipogranicza.pl\/en\/for-media\/","title":{"rendered":"For media"},"content":{"rendered":"\n<figure class=\"wp-block-gallery columns-1 is-cropped wp-block-gallery-1 is-layout-flex wp-block-gallery-is-layout-flex\"><ul class=\"blocks-gallery-grid\"><li class=\"blocks-gallery-item\"><figure><a href=\"https:\/\/biuletynhistoriipogranicza.pl\/wp-content\/uploads\/2021\/07\/Budynek-MPS-2.jpeg\"><img loading=\"lazy\" decoding=\"async\" width=\"1024\" height=\"683\" src=\"https:\/\/biuletynhistoriipogranicza.pl\/wp-content\/uploads\/2021\/07\/Budynek-MPS-2.jpeg\" alt=\"\" data-id=\"6246\" data-full-url=\"https:\/\/biuletynhistoriipogranicza.pl\/wp-content\/uploads\/2021\/07\/Budynek-MPS-2.jpeg\" data-link=\"https:\/\/biuletynhistoriipogranicza.pl\/?attachment_id=6246&amp;lang=en\" class=\"wp-image-6246\" srcset=\"https:\/\/biuletynhistoriipogranicza.pl\/wp-content\/uploads\/2021\/07\/Budynek-MPS-2.jpeg 1024w, https:\/\/biuletynhistoriipogranicza.pl\/wp-content\/uploads\/2021\/07\/Budynek-MPS-2-300x200.jpeg 300w, https:\/\/biuletynhistoriipogranicza.pl\/wp-content\/uploads\/2021\/07\/Budynek-MPS-2-768x512.jpeg 768w\" sizes=\"auto, (max-width: 1024px) 100vw, 1024px\" \/><\/a><\/figure><\/li><\/ul><\/figure>\n\n\n\n<p>Information about the provision of press materials and cooperation is provided by the Marketing and Sales Department:<\/p>\n\n\n\n<ul class=\"wp-block-list\"><li>phone number:<strong>&nbsp;85 672 36 05<\/strong><\/li><li>e-mail:<strong>&nbsp;<a href=\"mailto:p.roman@sybir.bialystok.pl\">p.roman@sybir.bialystok.pl<\/a><\/strong><\/li><\/ul>\n\n\n\n<p>Recording of sound and images at the exhibitions requires the consent of the Director of the Sybir Memorial Museum.<\/p>\n\n\n\n<p><strong>Logos of the Sybir Memorial Museum to download:<\/strong><\/p>\n\n\n\n<div style=\"height:25px\" aria-hidden=\"true\" class=\"wp-block-spacer\"><\/div>\n\n\n\n<p><\/p>\n\n\n\n<div class=\"wp-block-file\"><a href=\"https:\/\/biuletynhistoriipogranicza.pl\/wp-content\/uploads\/2021\/05\/logo-5cm-z-polem.jpg\">5 cm logo<\/a><a href=\"https:\/\/biuletynhistoriipogranicza.pl\/wp-content\/uploads\/2021\/05\/logo-5cm-z-polem.jpg\" class=\"wp-block-file__button\" download>Download<\/a><\/div>\n\n\n\n<div class=\"wp-block-file\"><a href=\"https:\/\/biuletynhistoriipogranicza.pl\/wp-content\/uploads\/2021\/05\/logo-7cm-z-czarnym-polem.jpg\">7 cm logo with black background<\/a><a href=\"https:\/\/biuletynhistoriipogranicza.pl\/wp-content\/uploads\/2021\/05\/logo-7cm-z-czarnym-polem.jpg\" class=\"wp-block-file__button\" download> Download <\/a><\/div>\n\n\n\n<div class=\"wp-block-file\"><a href=\"https:\/\/biuletynhistoriipogranicza.pl\/wp-content\/uploads\/2021\/05\/logo-7cm-z-polem.jpg\">7 cm logo<\/a><a href=\"https:\/\/biuletynhistoriipogranicza.pl\/wp-content\/uploads\/2021\/05\/logo-7cm-z-polem.jpg\" class=\"wp-block-file__button\" download> Download <\/a><\/div>\n\n\n\n<div class=\"wp-block-file\"><a href=\"https:\/\/biuletynhistoriipogranicza.pl\/wp-content\/uploads\/2021\/05\/logo-9cm-z-polem.jpg\">9 cm logo<\/a><a href=\"https:\/\/biuletynhistoriipogranicza.pl\/wp-content\/uploads\/2021\/05\/logo-9cm-z-polem.jpg\" class=\"wp-block-file__button\" download> Download <\/a><\/div>\n\n\n\n<div class=\"wp-block-file\"><a href=\"https:\/\/biuletynhistoriipogranicza.pl\/wp-content\/uploads\/2021\/05\/MPS_logo_PDF-negatyw.png\">negative<\/a><a href=\"https:\/\/biuletynhistoriipogranicza.pl\/wp-content\/uploads\/2021\/05\/MPS_logo_PDF-negatyw.png\" class=\"wp-block-file__button\" download> Download <\/a><\/div>\n\n\n\n<div class=\"wp-block-file\"><a href=\"https:\/\/biuletynhistoriipogranicza.pl\/wp-content\/uploads\/2021\/10\/unnamed.jpg\">Polish Historical Society logo<\/a><a href=\"https:\/\/biuletynhistoriipogranicza.pl\/wp-content\/uploads\/2021\/10\/unnamed.jpg\" class=\"wp-block-file__button\" download> Download <\/a><\/div>\n\n\n\n<div class=\"wp-block-file\"><a href=\"https:\/\/biuletynhistoriipogranicza.pl\/wp-content\/uploads\/2021\/10\/BHP-21_2021_okladka.pdf\">BHB NO 21 cover<\/a><a href=\"https:\/\/biuletynhistoriipogranicza.pl\/wp-content\/uploads\/2021\/10\/BHP-21_2021_okladka.pdf\" class=\"wp-block-file__button\" download> Download <\/a><\/div>\n\n\n\n<div class=\"wp-block-file\"><a href=\"https:\/\/biuletynhistoriipogranicza.pl\/wp-content\/uploads\/2021\/10\/BHP_20_okladka_przod.pdf\">BHB NO 20 cover<\/a><a href=\"https:\/\/biuletynhistoriipogranicza.pl\/wp-content\/uploads\/2021\/10\/BHP_20_okladka_przod.pdf\" class=\"wp-block-file__button\" download> Download <\/a><\/div>\n","protected":false},"excerpt":{"rendered":"<p>If you are a representative of the media and would like to receive information about the activities of  \u201cBorderland History Bulletin\u201d and the Sybir Memorial Museum, please contact us.<\/p>\n","protected":false},"author":2,"featured_media":0,"parent":0,"menu_order":0,"comment_status":"closed","ping_status":"closed","template":"","meta":{"footnotes":""},"class_list":["post-6308","page","type-page","status-publish","hentry"],"yoast_head":"<!-- This site is optimized with the Yoast SEO plugin v26.5 - https:\/\/yoast.com\/wordpress\/plugins\/seo\/ -->\n<title>For media | Biuletyn Historii Pogranicza<\/title>\n<meta name=\"description\" content=\"Je\u017celi jeste\u015b przedstawicielem medi\u00f3w i chcia\u0142by\u015b otrzymywa\u0107 informacje o dzia\u0142alno\u015bci Muzeum Pami\u0119ci Sybiru, skontaktuj si\u0119 z nami.\" \/>\n<meta name=\"robots\" content=\"index, follow, max-snippet:-1, max-image-preview:large, max-video-preview:-1\" \/>\n<link rel=\"canonical\" href=\"https:\/\/biuletynhistoriipogranicza.pl\/en\/for-media\/\" \/>\n<meta property=\"og:locale\" content=\"en_US\" \/>\n<meta property=\"og:type\" content=\"article\" \/>\n<meta property=\"og:title\" content=\"For media | Biuletyn Historii Pogranicza\" \/>\n<meta property=\"og:description\" content=\"Je\u017celi jeste\u015b przedstawicielem medi\u00f3w i chcia\u0142by\u015b otrzymywa\u0107 informacje o dzia\u0142alno\u015bci Muzeum Pami\u0119ci Sybiru, skontaktuj si\u0119 z nami.\" \/>\n<meta property=\"og:url\" content=\"https:\/\/biuletynhistoriipogranicza.pl\/en\/for-media\/\" \/>\n<meta property=\"og:site_name\" content=\"Biuletyn Historii Pogranicza\" \/>\n<meta property=\"article:modified_time\" content=\"2021-10-06T13:41:58+00:00\" \/>\n<meta property=\"og:image\" content=\"https:\/\/biuletynhistoriipogranicza.pl\/wp-content\/uploads\/2021\/07\/Budynek-MPS-2.jpeg\" \/>\n<meta name=\"twitter:card\" content=\"summary_large_image\" \/>\n<meta name=\"twitter:label1\" content=\"Est. reading time\" \/>\n\t<meta name=\"twitter:data1\" content=\"1 minute\" \/>\n<script type=\"application\/ld+json\" class=\"yoast-schema-graph\">{\"@context\":\"https:\/\/schema.org\",\"@graph\":[{\"@type\":\"WebPage\",\"@id\":\"https:\/\/biuletynhistoriipogranicza.pl\/en\/for-media\/\",\"url\":\"https:\/\/biuletynhistoriipogranicza.pl\/en\/for-media\/\",\"name\":\"For media | Biuletyn Historii Pogranicza\",\"isPartOf\":{\"@id\":\"https:\/\/biuletynhistoriipogranicza.pl\/#website\"},\"primaryImageOfPage\":{\"@id\":\"https:\/\/biuletynhistoriipogranicza.pl\/en\/for-media\/#primaryimage\"},\"image\":{\"@id\":\"https:\/\/biuletynhistoriipogranicza.pl\/en\/for-media\/#primaryimage\"},\"thumbnailUrl\":\"https:\/\/biuletynhistoriipogranicza.pl\/wp-content\/uploads\/2021\/07\/Budynek-MPS-2.jpeg\",\"datePublished\":\"2021-02-15T12:30:47+00:00\",\"dateModified\":\"2021-10-06T13:41:58+00:00\",\"description\":\"Je\u017celi jeste\u015b przedstawicielem medi\u00f3w i chcia\u0142by\u015b otrzymywa\u0107 informacje o dzia\u0142alno\u015bci Muzeum Pami\u0119ci Sybiru, skontaktuj si\u0119 z nami.\",\"breadcrumb\":{\"@id\":\"https:\/\/biuletynhistoriipogranicza.pl\/en\/for-media\/#breadcrumb\"},\"inLanguage\":\"en-US\",\"potentialAction\":[{\"@type\":\"ReadAction\",\"target\":[\"https:\/\/biuletynhistoriipogranicza.pl\/en\/for-media\/\"]}]},{\"@type\":\"ImageObject\",\"inLanguage\":\"en-US\",\"@id\":\"https:\/\/biuletynhistoriipogranicza.pl\/en\/for-media\/#primaryimage\",\"url\":\"https:\/\/biuletynhistoriipogranicza.pl\/wp-content\/uploads\/2021\/07\/Budynek-MPS-2.jpeg\",\"contentUrl\":\"https:\/\/biuletynhistoriipogranicza.pl\/wp-content\/uploads\/2021\/07\/Budynek-MPS-2.jpeg\"},{\"@type\":\"BreadcrumbList\",\"@id\":\"https:\/\/biuletynhistoriipogranicza.pl\/en\/for-media\/#breadcrumb\",\"itemListElement\":[{\"@type\":\"ListItem\",\"position\":1,\"name\":\"Strona g\u0142\u00f3wna\",\"item\":\"https:\/\/biuletynhistoriipogranicza.pl\/en\/\"},{\"@type\":\"ListItem\",\"position\":2,\"name\":\"For media\"}]},{\"@type\":\"WebSite\",\"@id\":\"https:\/\/biuletynhistoriipogranicza.pl\/#website\",\"url\":\"https:\/\/biuletynhistoriipogranicza.pl\/\",\"name\":\"Biuletyn Historii Pogranicza\",\"description\":\"Biuletyn Historii Pogranicza\",\"potentialAction\":[{\"@type\":\"SearchAction\",\"target\":{\"@type\":\"EntryPoint\",\"urlTemplate\":\"https:\/\/biuletynhistoriipogranicza.pl\/?s={search_term_string}\"},\"query-input\":{\"@type\":\"PropertyValueSpecification\",\"valueRequired\":true,\"valueName\":\"search_term_string\"}}],\"inLanguage\":\"en-US\"}]}<\/script>\n<!-- \/ Yoast SEO plugin. -->","yoast_head_json":{"title":"For media | Biuletyn Historii Pogranicza","description":"Je\u017celi jeste\u015b przedstawicielem medi\u00f3w i chcia\u0142by\u015b otrzymywa\u0107 informacje o dzia\u0142alno\u015bci Muzeum Pami\u0119ci Sybiru, skontaktuj si\u0119 z nami.","robots":{"index":"index","follow":"follow","max-snippet":"max-snippet:-1","max-image-preview":"max-image-preview:large","max-video-preview":"max-video-preview:-1"},"canonical":"https:\/\/biuletynhistoriipogranicza.pl\/en\/for-media\/","og_locale":"en_US","og_type":"article","og_title":"For media | Biuletyn Historii Pogranicza","og_description":"Je\u017celi jeste\u015b przedstawicielem medi\u00f3w i chcia\u0142by\u015b otrzymywa\u0107 informacje o dzia\u0142alno\u015bci Muzeum Pami\u0119ci Sybiru, skontaktuj si\u0119 z nami.","og_url":"https:\/\/biuletynhistoriipogranicza.pl\/en\/for-media\/","og_site_name":"Biuletyn Historii Pogranicza","article_modified_time":"2021-10-06T13:41:58+00:00","og_image":[{"url":"https:\/\/biuletynhistoriipogranicza.pl\/wp-content\/uploads\/2021\/07\/Budynek-MPS-2.jpeg","type":"","width":"","height":""}],"twitter_card":"summary_large_image","twitter_misc":{"Est. reading time":"1 minute"},"schema":{"@context":"https:\/\/schema.org","@graph":[{"@type":"WebPage","@id":"https:\/\/biuletynhistoriipogranicza.pl\/en\/for-media\/","url":"https:\/\/biuletynhistoriipogranicza.pl\/en\/for-media\/","name":"For media | Biuletyn Historii Pogranicza","isPartOf":{"@id":"https:\/\/biuletynhistoriipogranicza.pl\/#website"},"primaryImageOfPage":{"@id":"https:\/\/biuletynhistoriipogranicza.pl\/en\/for-media\/#primaryimage"},"image":{"@id":"https:\/\/biuletynhistoriipogranicza.pl\/en\/for-media\/#primaryimage"},"thumbnailUrl":"https:\/\/biuletynhistoriipogranicza.pl\/wp-content\/uploads\/2021\/07\/Budynek-MPS-2.jpeg","datePublished":"2021-02-15T12:30:47+00:00","dateModified":"2021-10-06T13:41:58+00:00","description":"Je\u017celi jeste\u015b przedstawicielem medi\u00f3w i chcia\u0142by\u015b otrzymywa\u0107 informacje o dzia\u0142alno\u015bci Muzeum Pami\u0119ci Sybiru, skontaktuj si\u0119 z nami.","breadcrumb":{"@id":"https:\/\/biuletynhistoriipogranicza.pl\/en\/for-media\/#breadcrumb"},"inLanguage":"en-US","potentialAction":[{"@type":"ReadAction","target":["https:\/\/biuletynhistoriipogranicza.pl\/en\/for-media\/"]}]},{"@type":"ImageObject","inLanguage":"en-US","@id":"https:\/\/biuletynhistoriipogranicza.pl\/en\/for-media\/#primaryimage","url":"https:\/\/biuletynhistoriipogranicza.pl\/wp-content\/uploads\/2021\/07\/Budynek-MPS-2.jpeg","contentUrl":"https:\/\/biuletynhistoriipogranicza.pl\/wp-content\/uploads\/2021\/07\/Budynek-MPS-2.jpeg"},{"@type":"BreadcrumbList","@id":"https:\/\/biuletynhistoriipogranicza.pl\/en\/for-media\/#breadcrumb","itemListElement":[{"@type":"ListItem","position":1,"name":"Strona g\u0142\u00f3wna","item":"https:\/\/biuletynhistoriipogranicza.pl\/en\/"},{"@type":"ListItem","position":2,"name":"For media"}]},{"@type":"WebSite","@id":"https:\/\/biuletynhistoriipogranicza.pl\/#website","url":"https:\/\/biuletynhistoriipogranicza.pl\/","name":"Biuletyn Historii Pogranicza","description":"Biuletyn Historii Pogranicza","potentialAction":[{"@type":"SearchAction","target":{"@type":"EntryPoint","urlTemplate":"https:\/\/biuletynhistoriipogranicza.pl\/?s={search_term_string}"},"query-input":{"@type":"PropertyValueSpecification","valueRequired":true,"valueName":"search_term_string"}}],"inLanguage":"en-US"}]}},"_links":{"self":[{"href":"https:\/\/biuletynhistoriipogranicza.pl\/en\/wp-json\/wp\/v2\/pages\/6308","targetHints":{"allow":["GET"]}}],"collection":[{"href":"https:\/\/biuletynhistoriipogranicza.pl\/en\/wp-json\/wp\/v2\/pages"}],"about":[{"href":"https:\/\/biuletynhistoriipogranicza.pl\/en\/wp-json\/wp\/v2\/types\/page"}],"author":[{"embeddable":true,"href":"https:\/\/biuletynhistoriipogranicza.pl\/en\/wp-json\/wp\/v2\/users\/2"}],"replies":[{"embeddable":true,"href":"https:\/\/biuletynhistoriipogranicza.pl\/en\/wp-json\/wp\/v2\/comments?post=6308"}],"version-history":[{"count":9,"href":"https:\/\/biuletynhistoriipogranicza.pl\/en\/wp-json\/wp\/v2\/pages\/6308\/revisions"}],"predecessor-version":[{"id":7011,"href":"https:\/\/biuletynhistoriipogranicza.pl\/en\/wp-json\/wp\/v2\/pages\/6308\/revisions\/7011"}],"wp:attachment":[{"href":"https:\/\/biuletynhistoriipogranicza.pl\/en\/wp-json\/wp\/v2\/media?parent=6308"}],"curies":[{"name":"wp","href":"https:\/\/api.w.org\/{rel}","templated":true}]}}