{"id":229,"date":"2020-11-28T18:05:01","date_gmt":"2020-11-28T17:05:01","guid":{"rendered":"http:\/\/nowy.sybir.bialystok.pl\/wesprzyj-nas\/"},"modified":"2021-05-18T09:55:59","modified_gmt":"2021-05-18T07:55:59","slug":"wesprzyj-muzeum","status":"publish","type":"page","link":"https:\/\/biuletynhistoriipogranicza.pl\/en\/wesprzyj-muzeum\/","title":{"rendered":"Wesprzyj Muzeum"},"content":{"rendered":"\n<figure class=\"wp-block-gallery columns-1 is-cropped wp-block-gallery-1 is-layout-flex wp-block-gallery-is-layout-flex\"><ul class=\"blocks-gallery-grid\"><li class=\"blocks-gallery-item\"><figure><a href=\"https:\/\/biuletynhistoriipogranicza.pl\/wp-content\/uploads\/2021\/05\/Darczyncy-3.jpg\"><img loading=\"lazy\" decoding=\"async\" width=\"1024\" height=\"683\" src=\"https:\/\/biuletynhistoriipogranicza.pl\/wp-content\/uploads\/2021\/05\/Darczyncy-3-1024x683.jpg\" alt=\"\" data-id=\"5162\" data-full-url=\"https:\/\/biuletynhistoriipogranicza.pl\/wp-content\/uploads\/2021\/05\/Darczyncy-3.jpg\" data-link=\"https:\/\/biuletynhistoriipogranicza.pl\/wesprzyj-muzeum\/darczyncy-3\/\" class=\"wp-image-5162\" srcset=\"https:\/\/biuletynhistoriipogranicza.pl\/wp-content\/uploads\/2021\/05\/Darczyncy-3-1024x683.jpg 1024w, https:\/\/biuletynhistoriipogranicza.pl\/wp-content\/uploads\/2021\/05\/Darczyncy-3-300x200.jpg 300w, https:\/\/biuletynhistoriipogranicza.pl\/wp-content\/uploads\/2021\/05\/Darczyncy-3-768x512.jpg 768w, https:\/\/biuletynhistoriipogranicza.pl\/wp-content\/uploads\/2021\/05\/Darczyncy-3.jpg 1151w\" sizes=\"auto, (max-width: 1024px) 100vw, 1024px\" \/><\/a><\/figure><\/li><\/ul><\/figure>\n\n\n\n<div style=\"height:20px\" aria-hidden=\"true\" class=\"wp-block-spacer\"><\/div>\n\n\n\n<p>Wsp\u00f3lnie tworzymy Muzeum Pami\u0119ci Sybiru! To nie tylko miejsce, ale przede wszystkim ludzie, ich pami\u0119\u0107 i zwi\u0105zane z ni\u0105 emocje.<\/p>\n\n\n\n<p>Nawet najmniejsza suma pozwala na dalszy rozw\u00f3j instytucji i pomaga tym samym ocali\u0107 od zapomnienia histori\u0119 setek tysi\u0119cy Sybirak\u00f3w.<\/p>\n\n\n\n<h2 class=\"wp-block-heading\">JESTE\u015aMY WDZI\u0118CZNI ZA KA\u017bDE WSPARCIE!<\/h2>\n\n\n\n<div style=\"height:20px\" aria-hidden=\"true\" class=\"wp-block-spacer\"><\/div>\n\n\n\n<figure class=\"wp-block-gallery columns-0 is-cropped wp-block-gallery-2 is-layout-flex wp-block-gallery-is-layout-flex\"><ul class=\"blocks-gallery-grid\"><li class=\"blocks-gallery-item\"><figure><a href=\"https:\/\/biuletynhistoriipogranicza.pl\/wp-content\/uploads\/2021\/05\/Darczyncy-1.jpg\"><img loading=\"lazy\" decoding=\"async\" width=\"1024\" height=\"683\" src=\"https:\/\/biuletynhistoriipogranicza.pl\/wp-content\/uploads\/2021\/05\/Darczyncy-1-1024x683.jpg\" alt=\"\" data-id=\"5165\" data-full-url=\"https:\/\/biuletynhistoriipogranicza.pl\/wp-content\/uploads\/2021\/05\/Darczyncy-1.jpg\" data-link=\"https:\/\/biuletynhistoriipogranicza.pl\/wesprzyj-muzeum\/darczyncy-1\/\" class=\"wp-image-5165\" srcset=\"https:\/\/biuletynhistoriipogranicza.pl\/wp-content\/uploads\/2021\/05\/Darczyncy-1-1024x683.jpg 1024w, https:\/\/biuletynhistoriipogranicza.pl\/wp-content\/uploads\/2021\/05\/Darczyncy-1-300x200.jpg 300w, https:\/\/biuletynhistoriipogranicza.pl\/wp-content\/uploads\/2021\/05\/Darczyncy-1-768x512.jpg 768w, https:\/\/biuletynhistoriipogranicza.pl\/wp-content\/uploads\/2021\/05\/Darczyncy-1.jpg 1151w\" sizes=\"auto, (max-width: 1024px) 100vw, 1024px\" \/><\/a><\/figure><\/li><li class=\"blocks-gallery-item\"><figure><a href=\"https:\/\/biuletynhistoriipogranicza.pl\/wp-content\/uploads\/2021\/05\/Darczyncy-2.jpg\"><img loading=\"lazy\" decoding=\"async\" width=\"1024\" height=\"683\" src=\"https:\/\/biuletynhistoriipogranicza.pl\/wp-content\/uploads\/2021\/05\/Darczyncy-2-1024x683.jpg\" alt=\"\" data-id=\"5168\" data-full-url=\"https:\/\/biuletynhistoriipogranicza.pl\/wp-content\/uploads\/2021\/05\/Darczyncy-2.jpg\" data-link=\"https:\/\/biuletynhistoriipogranicza.pl\/wesprzyj-muzeum\/darczyncy-2\/\" class=\"wp-image-5168\" srcset=\"https:\/\/biuletynhistoriipogranicza.pl\/wp-content\/uploads\/2021\/05\/Darczyncy-2-1024x683.jpg 1024w, https:\/\/biuletynhistoriipogranicza.pl\/wp-content\/uploads\/2021\/05\/Darczyncy-2-300x200.jpg 300w, https:\/\/biuletynhistoriipogranicza.pl\/wp-content\/uploads\/2021\/05\/Darczyncy-2-768x512.jpg 768w, https:\/\/biuletynhistoriipogranicza.pl\/wp-content\/uploads\/2021\/05\/Darczyncy-2.jpg 1151w\" sizes=\"auto, (max-width: 1024px) 100vw, 1024px\" \/><\/a><\/figure><\/li><\/ul><\/figure>\n\n\n\n<div style=\"height:25px\" aria-hidden=\"true\" class=\"wp-block-spacer\"><\/div>\n\n\n\n<p>Wyra\u017caj\u0105c wdzi\u0119czno\u015b\u0107 Przyjacio\u0142om i Darczy\u0144com Muzeum Pami\u0119ci Sybiru, pami\u0119tamy o nich podczas modlitwy na specjalnej Mszy \u015awi\u0119tej zamawianej w ich intencji ka\u017cdego roku w niedziel\u0119 poprzedzaj\u0105c\u0105 rocznic\u0119 drugiej wielkiej deportacji (13 kwietnia 1940 roku). Uk\u0142onem w stron\u0119 os\u00f3b wspieraj\u0105cych Muzeum jest tak\u017ce Dzie\u0144 Darczy\u0144cy, organizowany we wrze\u015bniu, w ramach Mi\u0119dzynarodowego Marszu Pami\u0119ci Zes\u0142a\u0144c\u00f3w Sybiru.<\/p>\n\n\n\n<p>Szczeg\u00f3lnie zas\u0142u\u017ceni Darczy\u0144cy s\u0105 wyr\u00f3\u017cniani statuetk\u0105 i trwale upami\u0119tniani w przestrzeni Muzeum Pami\u0119ci Sybiru.<\/p>\n\n\n\n<p>Dzi\u0119kujemy!<\/p>\n\n\n\n<div style=\"height:10px\" aria-hidden=\"true\" class=\"wp-block-spacer\"><\/div>\n\n\n\n<figure class=\"wp-block-gallery columns-1 is-cropped wp-block-gallery-3 is-layout-flex wp-block-gallery-is-layout-flex\"><ul class=\"blocks-gallery-grid\"><li class=\"blocks-gallery-item\"><figure><a href=\"https:\/\/biuletynhistoriipogranicza.pl\/wp-content\/uploads\/2021\/04\/Wesprzyh-Muzeum-scaled.jpg\"><img loading=\"lazy\" decoding=\"async\" width=\"1024\" height=\"684\" src=\"https:\/\/biuletynhistoriipogranicza.pl\/wp-content\/uploads\/2021\/04\/Wesprzyh-Muzeum-1024x684.jpg\" alt=\"\" data-id=\"4425\" data-full-url=\"https:\/\/biuletynhistoriipogranicza.pl\/wp-content\/uploads\/2021\/04\/Wesprzyh-Muzeum-scaled.jpg\" data-link=\"https:\/\/biuletynhistoriipogranicza.pl\/wesprzyj-muzeum\/wesprzyh-muzeum\/\" class=\"wp-image-4425\" srcset=\"https:\/\/biuletynhistoriipogranicza.pl\/wp-content\/uploads\/2021\/04\/Wesprzyh-Muzeum-1024x684.jpg 1024w, https:\/\/biuletynhistoriipogranicza.pl\/wp-content\/uploads\/2021\/04\/Wesprzyh-Muzeum-300x201.jpg 300w, https:\/\/biuletynhistoriipogranicza.pl\/wp-content\/uploads\/2021\/04\/Wesprzyh-Muzeum-768x513.jpg 768w, https:\/\/biuletynhistoriipogranicza.pl\/wp-content\/uploads\/2021\/04\/Wesprzyh-Muzeum-1536x1027.jpg 1536w, https:\/\/biuletynhistoriipogranicza.pl\/wp-content\/uploads\/2021\/04\/Wesprzyh-Muzeum-2048x1369.jpg 2048w\" sizes=\"auto, (max-width: 1024px) 100vw, 1024px\" \/><\/a><\/figure><\/li><\/ul><\/figure>\n\n\n\n<div style=\"height:20px\" aria-hidden=\"true\" class=\"wp-block-spacer\"><\/div>\n\n\n\n<h2 class=\"wp-block-heading\">Wesprzyj Muzeum Pami\u0119ci Sybiru<\/h2>\n\n\n\n<ul class=\"wp-block-list\"><li>Nr konta:<strong>&nbsp;30 1240 5211 1111 0010 7179 4667<\/strong>; z dopiskiem:&nbsp;<em>wp\u0142ata darowizny na cele statutowe Muzeum Pami\u0119ci Sybiru<\/em>,<\/li><li>tel.<strong>&nbsp;85 672 36 01<\/strong>,<\/li><li>e-mail: <strong><a href=\"mailto:sekretariat@biuletynhistoriipogranicza.pl\">sekretariat@biuletynhistoriipogranicza.pl<\/a>.<\/strong><\/li><\/ul>\n\n\n\n<div style=\"height:40px\" aria-hidden=\"true\" class=\"wp-block-spacer\"><\/div>\n","protected":false},"excerpt":{"rendered":"<p>Piel\u0119gnujemy i przekazujemy pami\u0119\u0107 o Sybirze dalszym pokoleniom. Wesprzyj nas w dzia\u0142aniach!<\/p>\n","protected":false},"author":1,"featured_media":2497,"parent":0,"menu_order":0,"comment_status":"closed","ping_status":"closed","template":"page-templates\/donate.php","meta":{"footnotes":""},"class_list":["post-229","page","type-page","status-publish","has-post-thumbnail","hentry"],"yoast_head":"<!-- This site is optimized with the Yoast SEO plugin v26.5 - https:\/\/yoast.com\/wordpress\/plugins\/seo\/ -->\n<title>Wesprzyj Muzeum | Biuletyn Historii Pogranicza<\/title>\n<meta name=\"description\" content=\"Piel\u0119gnujemy i przekazujemy pami\u0119\u0107 o Sybirze dalszym pokoleniom. Wesprzyj nas w dzia\u0142aniach!\" \/>\n<meta name=\"robots\" content=\"index, follow, max-snippet:-1, max-image-preview:large, max-video-preview:-1\" \/>\n<link rel=\"canonical\" href=\"https:\/\/biuletynhistoriipogranicza.pl\/en\/wesprzyj-muzeum\/\" \/>\n<meta property=\"og:locale\" content=\"en_US\" \/>\n<meta property=\"og:type\" content=\"article\" \/>\n<meta property=\"og:title\" content=\"Wesprzyj Muzeum | Biuletyn Historii Pogranicza\" \/>\n<meta property=\"og:description\" content=\"Piel\u0119gnujemy i przekazujemy pami\u0119\u0107 o Sybirze dalszym pokoleniom. Wesprzyj nas w dzia\u0142aniach!\" \/>\n<meta property=\"og:url\" content=\"https:\/\/biuletynhistoriipogranicza.pl\/en\/wesprzyj-muzeum\/\" \/>\n<meta property=\"og:site_name\" content=\"Biuletyn Historii Pogranicza\" \/>\n<meta property=\"article:modified_time\" content=\"2021-05-18T07:55:59+00:00\" \/>\n<meta property=\"og:image\" content=\"https:\/\/biuletynhistoriipogranicza.pl\/wp-content\/uploads\/2021\/03\/Wesprzyj-Muzeum.png\" \/>\n\t<meta property=\"og:image:width\" content=\"1490\" \/>\n\t<meta property=\"og:image:height\" content=\"940\" \/>\n\t<meta property=\"og:image:type\" content=\"image\/png\" \/>\n<meta name=\"twitter:card\" content=\"summary_large_image\" \/>\n<meta name=\"twitter:label1\" content=\"Est. reading time\" \/>\n\t<meta name=\"twitter:data1\" content=\"2 minutes\" \/>\n<script type=\"application\/ld+json\" class=\"yoast-schema-graph\">{\"@context\":\"https:\/\/schema.org\",\"@graph\":[{\"@type\":\"WebPage\",\"@id\":\"https:\/\/biuletynhistoriipogranicza.pl\/en\/wesprzyj-muzeum\/\",\"url\":\"https:\/\/biuletynhistoriipogranicza.pl\/en\/wesprzyj-muzeum\/\",\"name\":\"Wesprzyj Muzeum | Biuletyn Historii Pogranicza\",\"isPartOf\":{\"@id\":\"https:\/\/biuletynhistoriipogranicza.pl\/#website\"},\"primaryImageOfPage\":{\"@id\":\"https:\/\/biuletynhistoriipogranicza.pl\/en\/wesprzyj-muzeum\/#primaryimage\"},\"image\":{\"@id\":\"https:\/\/biuletynhistoriipogranicza.pl\/en\/wesprzyj-muzeum\/#primaryimage\"},\"thumbnailUrl\":\"https:\/\/biuletynhistoriipogranicza.pl\/wp-content\/uploads\/2021\/03\/Wesprzyj-Muzeum.png\",\"datePublished\":\"2020-11-28T17:05:01+00:00\",\"dateModified\":\"2021-05-18T07:55:59+00:00\",\"description\":\"Piel\u0119gnujemy i przekazujemy pami\u0119\u0107 o Sybirze dalszym pokoleniom. Wesprzyj nas w dzia\u0142aniach!\",\"breadcrumb\":{\"@id\":\"https:\/\/biuletynhistoriipogranicza.pl\/en\/wesprzyj-muzeum\/#breadcrumb\"},\"inLanguage\":\"en-US\",\"potentialAction\":[{\"@type\":\"ReadAction\",\"target\":[\"https:\/\/biuletynhistoriipogranicza.pl\/en\/wesprzyj-muzeum\/\"]}]},{\"@type\":\"ImageObject\",\"inLanguage\":\"en-US\",\"@id\":\"https:\/\/biuletynhistoriipogranicza.pl\/en\/wesprzyj-muzeum\/#primaryimage\",\"url\":\"https:\/\/biuletynhistoriipogranicza.pl\/wp-content\/uploads\/2021\/03\/Wesprzyj-Muzeum.png\",\"contentUrl\":\"https:\/\/biuletynhistoriipogranicza.pl\/wp-content\/uploads\/2021\/03\/Wesprzyj-Muzeum.png\",\"width\":1490,\"height\":940},{\"@type\":\"BreadcrumbList\",\"@id\":\"https:\/\/biuletynhistoriipogranicza.pl\/en\/wesprzyj-muzeum\/#breadcrumb\",\"itemListElement\":[{\"@type\":\"ListItem\",\"position\":1,\"name\":\"Strona g\u0142\u00f3wna\",\"item\":\"https:\/\/biuletynhistoriipogranicza.pl\/en\/\"},{\"@type\":\"ListItem\",\"position\":2,\"name\":\"Wesprzyj Muzeum\"}]},{\"@type\":\"WebSite\",\"@id\":\"https:\/\/biuletynhistoriipogranicza.pl\/#website\",\"url\":\"https:\/\/biuletynhistoriipogranicza.pl\/\",\"name\":\"Biuletyn Historii Pogranicza\",\"description\":\"Biuletyn Historii Pogranicza\",\"potentialAction\":[{\"@type\":\"SearchAction\",\"target\":{\"@type\":\"EntryPoint\",\"urlTemplate\":\"https:\/\/biuletynhistoriipogranicza.pl\/?s={search_term_string}\"},\"query-input\":{\"@type\":\"PropertyValueSpecification\",\"valueRequired\":true,\"valueName\":\"search_term_string\"}}],\"inLanguage\":\"en-US\"}]}<\/script>\n<!-- \/ Yoast SEO plugin. -->","yoast_head_json":{"title":"Wesprzyj Muzeum | Biuletyn Historii Pogranicza","description":"Piel\u0119gnujemy i przekazujemy pami\u0119\u0107 o Sybirze dalszym pokoleniom. Wesprzyj nas w dzia\u0142aniach!","robots":{"index":"index","follow":"follow","max-snippet":"max-snippet:-1","max-image-preview":"max-image-preview:large","max-video-preview":"max-video-preview:-1"},"canonical":"https:\/\/biuletynhistoriipogranicza.pl\/en\/wesprzyj-muzeum\/","og_locale":"en_US","og_type":"article","og_title":"Wesprzyj Muzeum | Biuletyn Historii Pogranicza","og_description":"Piel\u0119gnujemy i przekazujemy pami\u0119\u0107 o Sybirze dalszym pokoleniom. Wesprzyj nas w dzia\u0142aniach!","og_url":"https:\/\/biuletynhistoriipogranicza.pl\/en\/wesprzyj-muzeum\/","og_site_name":"Biuletyn Historii Pogranicza","article_modified_time":"2021-05-18T07:55:59+00:00","og_image":[{"width":1490,"height":940,"url":"https:\/\/biuletynhistoriipogranicza.pl\/wp-content\/uploads\/2021\/03\/Wesprzyj-Muzeum.png","type":"image\/png"}],"twitter_card":"summary_large_image","twitter_misc":{"Est. reading time":"2 minutes"},"schema":{"@context":"https:\/\/schema.org","@graph":[{"@type":"WebPage","@id":"https:\/\/biuletynhistoriipogranicza.pl\/en\/wesprzyj-muzeum\/","url":"https:\/\/biuletynhistoriipogranicza.pl\/en\/wesprzyj-muzeum\/","name":"Wesprzyj Muzeum | Biuletyn Historii Pogranicza","isPartOf":{"@id":"https:\/\/biuletynhistoriipogranicza.pl\/#website"},"primaryImageOfPage":{"@id":"https:\/\/biuletynhistoriipogranicza.pl\/en\/wesprzyj-muzeum\/#primaryimage"},"image":{"@id":"https:\/\/biuletynhistoriipogranicza.pl\/en\/wesprzyj-muzeum\/#primaryimage"},"thumbnailUrl":"https:\/\/biuletynhistoriipogranicza.pl\/wp-content\/uploads\/2021\/03\/Wesprzyj-Muzeum.png","datePublished":"2020-11-28T17:05:01+00:00","dateModified":"2021-05-18T07:55:59+00:00","description":"Piel\u0119gnujemy i przekazujemy pami\u0119\u0107 o Sybirze dalszym pokoleniom. Wesprzyj nas w dzia\u0142aniach!","breadcrumb":{"@id":"https:\/\/biuletynhistoriipogranicza.pl\/en\/wesprzyj-muzeum\/#breadcrumb"},"inLanguage":"en-US","potentialAction":[{"@type":"ReadAction","target":["https:\/\/biuletynhistoriipogranicza.pl\/en\/wesprzyj-muzeum\/"]}]},{"@type":"ImageObject","inLanguage":"en-US","@id":"https:\/\/biuletynhistoriipogranicza.pl\/en\/wesprzyj-muzeum\/#primaryimage","url":"https:\/\/biuletynhistoriipogranicza.pl\/wp-content\/uploads\/2021\/03\/Wesprzyj-Muzeum.png","contentUrl":"https:\/\/biuletynhistoriipogranicza.pl\/wp-content\/uploads\/2021\/03\/Wesprzyj-Muzeum.png","width":1490,"height":940},{"@type":"BreadcrumbList","@id":"https:\/\/biuletynhistoriipogranicza.pl\/en\/wesprzyj-muzeum\/#breadcrumb","itemListElement":[{"@type":"ListItem","position":1,"name":"Strona g\u0142\u00f3wna","item":"https:\/\/biuletynhistoriipogranicza.pl\/en\/"},{"@type":"ListItem","position":2,"name":"Wesprzyj Muzeum"}]},{"@type":"WebSite","@id":"https:\/\/biuletynhistoriipogranicza.pl\/#website","url":"https:\/\/biuletynhistoriipogranicza.pl\/","name":"Biuletyn Historii Pogranicza","description":"Biuletyn Historii Pogranicza","potentialAction":[{"@type":"SearchAction","target":{"@type":"EntryPoint","urlTemplate":"https:\/\/biuletynhistoriipogranicza.pl\/?s={search_term_string}"},"query-input":{"@type":"PropertyValueSpecification","valueRequired":true,"valueName":"search_term_string"}}],"inLanguage":"en-US"}]}},"_links":{"self":[{"href":"https:\/\/biuletynhistoriipogranicza.pl\/en\/wp-json\/wp\/v2\/pages\/229","targetHints":{"allow":["GET"]}}],"collection":[{"href":"https:\/\/biuletynhistoriipogranicza.pl\/en\/wp-json\/wp\/v2\/pages"}],"about":[{"href":"https:\/\/biuletynhistoriipogranicza.pl\/en\/wp-json\/wp\/v2\/types\/page"}],"author":[{"embeddable":true,"href":"https:\/\/biuletynhistoriipogranicza.pl\/en\/wp-json\/wp\/v2\/users\/1"}],"replies":[{"embeddable":true,"href":"https:\/\/biuletynhistoriipogranicza.pl\/en\/wp-json\/wp\/v2\/comments?post=229"}],"version-history":[{"count":4,"href":"https:\/\/biuletynhistoriipogranicza.pl\/en\/wp-json\/wp\/v2\/pages\/229\/revisions"}],"predecessor-version":[{"id":5173,"href":"https:\/\/biuletynhistoriipogranicza.pl\/en\/wp-json\/wp\/v2\/pages\/229\/revisions\/5173"}],"wp:featuredmedia":[{"embeddable":true,"href":"https:\/\/biuletynhistoriipogranicza.pl\/en\/wp-json\/wp\/v2\/media\/2497"}],"wp:attachment":[{"href":"https:\/\/biuletynhistoriipogranicza.pl\/en\/wp-json\/wp\/v2\/media?parent=229"}],"curies":[{"name":"wp","href":"https:\/\/api.w.org\/{rel}","templated":true}]}}